{"id":654,"date":"2023-08-01T20:46:50","date_gmt":"2023-08-01T23:46:50","guid":{"rendered":"https:\/\/ranierequirino.com\/?page_id=654"},"modified":"2023-08-01T21:03:30","modified_gmt":"2023-08-02T00:03:30","slug":"classificacao-2","status":"publish","type":"page","link":"https:\/\/ranierequirino.com\/index.php\/classificacao-2\/","title":{"rendered":"Classifica\u00e7\u00e3o 2"},"content":{"rendered":"\t\t<div data-elementor-type=\"wp-page\" data-elementor-id=\"654\" class=\"elementor elementor-654\">\n\t\t\t\t\t\t<section class=\"elementor-section elementor-top-section elementor-element elementor-element-a77ea91 elementor-section-boxed elementor-section-height-default elementor-section-height-default\" data-id=\"a77ea91\" data-element_type=\"section\" data-settings=\"{&quot;background_background&quot;:&quot;classic&quot;}\">\n\t\t\t\t\t\t<div class=\"elementor-container elementor-column-gap-default\">\n\t\t\t\t\t<div class=\"elementor-column elementor-col-50 elementor-top-column elementor-element elementor-element-9fe3c4b\" data-id=\"9fe3c4b\" data-element_type=\"column\">\n\t\t\t<div class=\"elementor-widget-wrap elementor-element-populated\">\n\t\t\t\t\t\t<div class=\"elementor-element elementor-element-d78701d elementor-widget elementor-widget-image\" data-id=\"d78701d\" data-element_type=\"widget\" data-widget_type=\"image.default\">\n\t\t\t\t<div class=\"elementor-widget-container\">\n\t\t\t\t\t\t\t\t\t\t\t\t\t\t\t<img fetchpriority=\"high\" decoding=\"async\" width=\"500\" height=\"218\" src=\"https:\/\/ranierequirino.com\/wp-content\/uploads\/2023\/06\/2.png\" class=\"attachment-large size-large wp-image-42\" alt=\"\" srcset=\"https:\/\/ranierequirino.com\/wp-content\/uploads\/2023\/06\/2.png 500w, https:\/\/ranierequirino.com\/wp-content\/uploads\/2023\/06\/2-300x131.png 300w\" sizes=\"(max-width: 500px) 100vw, 500px\" \/>\t\t\t\t\t\t\t\t\t\t\t\t\t\t\t<\/div>\n\t\t\t\t<\/div>\n\t\t\t\t\t<\/div>\n\t\t<\/div>\n\t\t\t\t<div class=\"elementor-column elementor-col-50 elementor-top-column elementor-element elementor-element-2ed4f6c\" data-id=\"2ed4f6c\" data-element_type=\"column\">\n\t\t\t<div class=\"elementor-widget-wrap elementor-element-populated\">\n\t\t\t\t\t\t<div class=\"elementor-element elementor-element-b3265e9 elementor-widget elementor-widget-image\" data-id=\"b3265e9\" data-element_type=\"widget\" data-widget_type=\"image.default\">\n\t\t\t\t<div class=\"elementor-widget-container\">\n\t\t\t\t\t\t\t\t\t\t\t\t\t\t\t<img decoding=\"async\" width=\"1024\" height=\"477\" src=\"https:\/\/ranierequirino.com\/wp-content\/uploads\/2023\/06\/1-1024x477.png\" class=\"attachment-large size-large wp-image-35\" alt=\"\" srcset=\"https:\/\/ranierequirino.com\/wp-content\/uploads\/2023\/06\/1-1024x477.png 1024w, https:\/\/ranierequirino.com\/wp-content\/uploads\/2023\/06\/1-300x140.png 300w, https:\/\/ranierequirino.com\/wp-content\/uploads\/2023\/06\/1-768x358.png 768w, https:\/\/ranierequirino.com\/wp-content\/uploads\/2023\/06\/1-1536x716.png 1536w, https:\/\/ranierequirino.com\/wp-content\/uploads\/2023\/06\/1-2048x955.png 2048w\" sizes=\"(max-width: 1024px) 100vw, 1024px\" \/>\t\t\t\t\t\t\t\t\t\t\t\t\t\t\t<\/div>\n\t\t\t\t<\/div>\n\t\t\t\t\t<\/div>\n\t\t<\/div>\n\t\t\t\t\t<\/div>\n\t\t<\/section>\n\t\t\t\t<section class=\"elementor-section elementor-top-section elementor-element elementor-element-023d4a8 elementor-section-boxed elementor-section-height-default elementor-section-height-default\" data-id=\"023d4a8\" data-element_type=\"section\" data-settings=\"{&quot;background_background&quot;:&quot;classic&quot;}\">\n\t\t\t\t\t\t<div class=\"elementor-container elementor-column-gap-default\">\n\t\t\t\t\t<div class=\"elementor-column elementor-col-100 elementor-top-column elementor-element elementor-element-4f6a037\" data-id=\"4f6a037\" data-element_type=\"column\">\n\t\t\t<div class=\"elementor-widget-wrap elementor-element-populated\">\n\t\t\t\t\t\t<div class=\"elementor-element elementor-element-69297a4 elementor-widget elementor-widget-heading\" data-id=\"69297a4\" data-element_type=\"widget\" data-widget_type=\"heading.default\">\n\t\t\t\t<div class=\"elementor-widget-container\">\n\t\t\t\t\t<h2 class=\"elementor-heading-title elementor-size-default\">Sa\u00fade feminina em primeiro lugar<\/h2>\t\t\t\t<\/div>\n\t\t\t\t<\/div>\n\t\t\t\t<div class=\"elementor-element elementor-element-29096e1 elementor-widget elementor-widget-image\" data-id=\"29096e1\" data-element_type=\"widget\" data-widget_type=\"image.default\">\n\t\t\t\t<div class=\"elementor-widget-container\">\n\t\t\t\t\t\t\t\t\t\t\t\t\t\t\t<img decoding=\"async\" width=\"1024\" height=\"683\" src=\"https:\/\/ranierequirino.com\/wp-content\/uploads\/2023\/06\/T9A7475-1024x683.jpg\" class=\"attachment-large size-large wp-image-194\" alt=\"\" srcset=\"https:\/\/ranierequirino.com\/wp-content\/uploads\/2023\/06\/T9A7475-1024x683.jpg 1024w, https:\/\/ranierequirino.com\/wp-content\/uploads\/2023\/06\/T9A7475-300x200.jpg 300w, https:\/\/ranierequirino.com\/wp-content\/uploads\/2023\/06\/T9A7475-768x512.jpg 768w, https:\/\/ranierequirino.com\/wp-content\/uploads\/2023\/06\/T9A7475-1536x1024.jpg 1536w, https:\/\/ranierequirino.com\/wp-content\/uploads\/2023\/06\/T9A7475-2048x1365.jpg 2048w\" sizes=\"(max-width: 1024px) 100vw, 1024px\" \/>\t\t\t\t\t\t\t\t\t\t\t\t\t\t\t<\/div>\n\t\t\t\t<\/div>\n\t\t\t\t<div class=\"elementor-element elementor-element-8cffdb9 elementor-widget elementor-widget-image\" data-id=\"8cffdb9\" data-element_type=\"widget\" data-settings=\"{&quot;_animation_mobile&quot;:&quot;zoomIn&quot;}\" data-widget_type=\"image.default\">\n\t\t\t\t<div class=\"elementor-widget-container\">\n\t\t\t\t\t\t\t\t\t\t\t\t\t\t\t<img loading=\"lazy\" decoding=\"async\" width=\"150\" height=\"150\" src=\"https:\/\/ranierequirino.com\/wp-content\/uploads\/2023\/06\/Design-sem-nome-4-150x150.png\" class=\"attachment-thumbnail size-thumbnail wp-image-129\" alt=\"\" srcset=\"https:\/\/ranierequirino.com\/wp-content\/uploads\/2023\/06\/Design-sem-nome-4-150x150.png 150w, https:\/\/ranierequirino.com\/wp-content\/uploads\/2023\/06\/Design-sem-nome-4-300x300.png 300w, https:\/\/ranierequirino.com\/wp-content\/uploads\/2023\/06\/Design-sem-nome-4-1024x1024.png 1024w, https:\/\/ranierequirino.com\/wp-content\/uploads\/2023\/06\/Design-sem-nome-4-768x768.png 768w, https:\/\/ranierequirino.com\/wp-content\/uploads\/2023\/06\/Design-sem-nome-4.png 1080w\" sizes=\"(max-width: 150px) 100vw, 150px\" \/>\t\t\t\t\t\t\t\t\t\t\t\t\t\t\t<\/div>\n\t\t\t\t<\/div>\n\t\t\t\t<div class=\"elementor-element elementor-element-bcc9203 elementor-widget elementor-widget-spacer\" data-id=\"bcc9203\" data-element_type=\"widget\" data-widget_type=\"spacer.default\">\n\t\t\t\t<div class=\"elementor-widget-container\">\n\t\t\t\t\t\t\t<div class=\"elementor-spacer\">\n\t\t\t<div class=\"elementor-spacer-inner\"><\/div>\n\t\t<\/div>\n\t\t\t\t\t\t<\/div>\n\t\t\t\t<\/div>\n\t\t\t\t\t<\/div>\n\t\t<\/div>\n\t\t\t\t\t<\/div>\n\t\t<\/section>\n\t\t\t\t<section class=\"elementor-section elementor-top-section elementor-element elementor-element-50e1c8c elementor-section-boxed elementor-section-height-default elementor-section-height-default\" data-id=\"50e1c8c\" data-element_type=\"section\" data-settings=\"{&quot;background_background&quot;:&quot;classic&quot;}\">\n\t\t\t\t\t\t<div class=\"elementor-container elementor-column-gap-default\">\n\t\t\t\t\t<div class=\"elementor-column elementor-col-100 elementor-top-column elementor-element elementor-element-74a1b73\" data-id=\"74a1b73\" data-element_type=\"column\">\n\t\t\t<div class=\"elementor-widget-wrap elementor-element-populated\">\n\t\t\t\t\t\t<div class=\"elementor-element elementor-element-e1dcc24 elementor-widget elementor-widget-heading\" data-id=\"e1dcc24\" data-element_type=\"widget\" data-widget_type=\"heading.default\">\n\t\t\t\t<div class=\"elementor-widget-container\">\n\t\t\t\t\t<h2 class=\"elementor-heading-title elementor-size-default\">RELATO<\/h2>\t\t\t\t<\/div>\n\t\t\t\t<\/div>\n\t\t\t\t\t<\/div>\n\t\t<\/div>\n\t\t\t\t\t<\/div>\n\t\t<\/section>\n\t\t\t\t<section class=\"elementor-section elementor-top-section elementor-element elementor-element-8019476 elementor-section-boxed elementor-section-height-default elementor-section-height-default\" data-id=\"8019476\" data-element_type=\"section\" data-settings=\"{&quot;background_background&quot;:&quot;classic&quot;}\">\n\t\t\t\t\t\t<div class=\"elementor-container elementor-column-gap-default\">\n\t\t\t\t\t<div class=\"elementor-column elementor-col-33 elementor-top-column elementor-element elementor-element-c1125ca\" data-id=\"c1125ca\" data-element_type=\"column\">\n\t\t\t<div class=\"elementor-widget-wrap elementor-element-populated\">\n\t\t\t\t\t\t<div class=\"elementor-element elementor-element-c4bc690 elementor-widget elementor-widget-testimonial\" data-id=\"c4bc690\" data-element_type=\"widget\" data-widget_type=\"testimonial.default\">\n\t\t\t\t<div class=\"elementor-widget-container\">\n\t\t\t\t\t\t\t<div class=\"elementor-testimonial-wrapper\">\n\t\t\t\t\t\t\t<div class=\"elementor-testimonial-content\">Encontrei Dr Raniere como indica\u00e7\u00e3o num grupo de mulheres de Recife que desejavam e que j\u00e1 havia tido parto natural, vagina e humanizado com o mesmo. Quando tivemos nossa primeira consulta l\u00e1 em 2018 (minha primeira gesta\u00e7\u00e3o) j\u00e1 estava gr\u00e1vida. Descobri tr\u00eas dias antes da consulta. Infelizmente sobre um aborto espont\u00e2neo. Em 2019 o segundo encontro agora na segunda gesta\u00e7\u00e3o da nossa primeira filha, A\u00edvina, um acompanhamento embasado em evid\u00eancias cient\u00edfica e muita humaniza\u00e7\u00e3o. A\u00edvina nasceu na semana do seu anivers\u00e1rio e o mesmo estava viajando, fui acompanhada pelo GO beckup. Agora em julho de 2023, dia 10, minha segunda filha nasceu e, novamente n\u00e3o consegui que ele me acompanhasse no parto, sei que seria maravilhoso, como sempre ele \u00e9. Dessa vez a minha filha nasceu no carro l, antes mesmo que cheg\u00e1ssemos ao hospital. Ele foi ao nosso encontro me tranquilizou, foi comigo de ambul\u00e2ncia ao hospital e ficou comigo at\u00e9 tudo est\u00e1 certinho. Foi nos ver no dia seguinte, um GO maravilhoso, um amigo para a vida inteira.<\/div>\n\t\t\t\n\t\t\t\t\t\t<div class=\"elementor-testimonial-meta elementor-has-image elementor-testimonial-image-position-aside\">\n\t\t\t\t<div class=\"elementor-testimonial-meta-inner\">\n\t\t\t\t\t\t\t\t\t\t\t<div class=\"elementor-testimonial-image\">\n\t\t\t\t\t\t\t<img loading=\"lazy\" decoding=\"async\" width=\"2560\" height=\"1707\" src=\"https:\/\/ranierequirino.com\/wp-content\/uploads\/2023\/07\/64b43c9e9b907-scaled.jpg\" class=\"attachment-full size-full wp-image-636\" alt=\"\" srcset=\"https:\/\/ranierequirino.com\/wp-content\/uploads\/2023\/07\/64b43c9e9b907-scaled.jpg 2560w, https:\/\/ranierequirino.com\/wp-content\/uploads\/2023\/07\/64b43c9e9b907-300x200.jpg 300w, https:\/\/ranierequirino.com\/wp-content\/uploads\/2023\/07\/64b43c9e9b907-1024x683.jpg 1024w, https:\/\/ranierequirino.com\/wp-content\/uploads\/2023\/07\/64b43c9e9b907-768x512.jpg 768w, https:\/\/ranierequirino.com\/wp-content\/uploads\/2023\/07\/64b43c9e9b907-1536x1024.jpg 1536w, https:\/\/ranierequirino.com\/wp-content\/uploads\/2023\/07\/64b43c9e9b907-2048x1365.jpg 2048w\" sizes=\"(max-width: 2560px) 100vw, 2560px\" \/>\t\t\t\t\t\t<\/div>\n\t\t\t\t\t\n\t\t\t\t\t\t\t\t\t\t<div class=\"elementor-testimonial-details\">\n\t\t\t\t\t\t\t\t\t\t\t\t\t\t<div class=\"elementor-testimonial-name\">Leonilia<\/div>\n\t\t\t\t\t\t\t\t\t\t\t\t\t\t\t\t\t\t\t<\/div>\n\t\t\t\t\t\t\t\t\t<\/div>\n\t\t\t<\/div>\n\t\t\t\t\t<\/div>\n\t\t\t\t\t\t<\/div>\n\t\t\t\t<\/div>\n\t\t\t\t\t<\/div>\n\t\t<\/div>\n\t\t\t\t<div class=\"elementor-column elementor-col-33 elementor-top-column elementor-element elementor-element-eb514fd\" data-id=\"eb514fd\" data-element_type=\"column\">\n\t\t\t<div class=\"elementor-widget-wrap\">\n\t\t\t\t\t\t\t<\/div>\n\t\t<\/div>\n\t\t\t\t<div class=\"elementor-column elementor-col-33 elementor-top-column elementor-element elementor-element-7127f4b\" data-id=\"7127f4b\" data-element_type=\"column\">\n\t\t\t<div class=\"elementor-widget-wrap\">\n\t\t\t\t\t\t\t<\/div>\n\t\t<\/div>\n\t\t\t\t\t<\/div>\n\t\t<\/section>\n\t\t\t\t<\/div>\n\t\t","protected":false},"excerpt":{"rendered":"<p>Sa\u00fade feminina em primeiro lugar RELATO Encontrei Dr Raniere como indica\u00e7\u00e3o num grupo de mulheres de Recife que desejavam e que j\u00e1 havia tido parto natural, vagina e humanizado com o mesmo. Quando tivemos nossa primeira consulta l\u00e1 em 2018 (minha primeira gesta\u00e7\u00e3o) j\u00e1 estava gr\u00e1vida. Descobri tr\u00eas dias antes da consulta. Infelizmente sobre um [&hellip;]<\/p>\n","protected":false},"author":1,"featured_media":0,"parent":0,"menu_order":0,"comment_status":"closed","ping_status":"closed","template":"elementor_canvas","meta":{"footnotes":""},"class_list":["post-654","page","type-page","status-publish","hentry"],"_links":{"self":[{"href":"https:\/\/ranierequirino.com\/index.php\/wp-json\/wp\/v2\/pages\/654"}],"collection":[{"href":"https:\/\/ranierequirino.com\/index.php\/wp-json\/wp\/v2\/pages"}],"about":[{"href":"https:\/\/ranierequirino.com\/index.php\/wp-json\/wp\/v2\/types\/page"}],"author":[{"embeddable":true,"href":"https:\/\/ranierequirino.com\/index.php\/wp-json\/wp\/v2\/users\/1"}],"replies":[{"embeddable":true,"href":"https:\/\/ranierequirino.com\/index.php\/wp-json\/wp\/v2\/comments?post=654"}],"version-history":[{"count":10,"href":"https:\/\/ranierequirino.com\/index.php\/wp-json\/wp\/v2\/pages\/654\/revisions"}],"predecessor-version":[{"id":688,"href":"https:\/\/ranierequirino.com\/index.php\/wp-json\/wp\/v2\/pages\/654\/revisions\/688"}],"wp:attachment":[{"href":"https:\/\/ranierequirino.com\/index.php\/wp-json\/wp\/v2\/media?parent=654"}],"curies":[{"name":"wp","href":"https:\/\/api.w.org\/{rel}","templated":true}]}}